{"id":8,"date":"2025-06-22T20:44:02","date_gmt":"2025-06-22T20:44:02","guid":{"rendered":"https:\/\/polvo.mx\/?page_id=8"},"modified":"2026-01-28T21:52:13","modified_gmt":"2026-01-28T21:52:13","slug":"home","status":"publish","type":"page","link":"https:\/\/polvo.mx\/es\/","title":{"rendered":"Home"},"content":{"rendered":"<p>POLVO es una consultora de arte contempor\u00e1neo. Representamos y comercializamos la obra de artistas cuyas pr\u00e1cticas exploran los l\u00edmites de la vanguardia y el pensamiento cr\u00edtico en el arte de la actualidad. Nuestra misi\u00f3n es construir v\u00ednculos entre creadores, coleccionistas y espacios de exhibici\u00f3n, impulsando las relaciones de las piezas de los artistas que representamos con distintos tipos de consumidores: coleccionistas, pero tambi\u00e9n compradores espor\u00e1dicos.<\/p>","protected":false},"excerpt":{"rendered":"<p>POLVO es una consultora de arte contempor\u00e1neo. Representamos y comercializamos la obra de artistas cuyas pr\u00e1cticas exploran los l\u00edmites de la vanguardia y el pensamiento cr\u00edtico en el arte de la actualidad. Nuestra misi\u00f3n es construir v\u00ednculos entre creadores, coleccionistas y espacios de exhibici\u00f3n, impulsando las relaciones de las piezas de los artistas que representamos &hellip; <a href=\"https:\/\/polvo.mx\/es\/\" class=\"more-link\">Continue reading <span class=\"screen-reader-text\">Home<\/span><\/a><\/p>\n","protected":false},"author":1,"featured_media":0,"parent":0,"menu_order":0,"comment_status":"closed","ping_status":"closed","template":"templates\/template_home.php","meta":{"footnotes":""},"class_list":["post-8","page","type-page","status-publish","hentry"],"_links":{"self":[{"href":"https:\/\/polvo.mx\/es\/wp-json\/wp\/v2\/pages\/8","targetHints":{"allow":["GET"]}}],"collection":[{"href":"https:\/\/polvo.mx\/es\/wp-json\/wp\/v2\/pages"}],"about":[{"href":"https:\/\/polvo.mx\/es\/wp-json\/wp\/v2\/types\/page"}],"author":[{"embeddable":true,"href":"https:\/\/polvo.mx\/es\/wp-json\/wp\/v2\/users\/1"}],"replies":[{"embeddable":true,"href":"https:\/\/polvo.mx\/es\/wp-json\/wp\/v2\/comments?post=8"}],"version-history":[{"count":43,"href":"https:\/\/polvo.mx\/es\/wp-json\/wp\/v2\/pages\/8\/revisions"}],"predecessor-version":[{"id":1021,"href":"https:\/\/polvo.mx\/es\/wp-json\/wp\/v2\/pages\/8\/revisions\/1021"}],"wp:attachment":[{"href":"https:\/\/polvo.mx\/es\/wp-json\/wp\/v2\/media?parent=8"}],"curies":[{"name":"wp","href":"https:\/\/api.w.org\/{rel}","templated":true}]}}